{"id":11502,"date":"2019-03-21T15:20:48","date_gmt":"2019-03-21T20:20:48","guid":{"rendered":"https:\/\/colclama.edu.co\/web\/?page_id=11502"},"modified":"2019-06-21T15:58:14","modified_gmt":"2019-06-21T20:58:14","slug":"nuestro-colegio","status":"publish","type":"page","link":"https:\/\/colclama.edu.co\/web\/nuestro-colegio\/","title":{"rendered":"Nuestro Colegio"},"content":{"rendered":"<div class=\"wpb-content-wrapper\"><p>[vc_row][vc_column]<div class=\"thim-widget-heading template-base\"><div class=\"sc_heading  text-center\"><h3 style=\"font-size:35px;font-weight:600;\" class=\"title\">Informaci\u00f3n <strong>Institucional<\/strong><\/h3><\/div><\/div>[\/vc_column][\/vc_row][vc_row css=\u00bb.vc_custom_1559531433775{margin-bottom: 15px !important;}\u00bb][vc_column width=\u00bb5\/12&#8243; css=\u00bb.vc_custom_1553219212365{margin-bottom: 30px !important;}\u00bb][vc_column_text]<\/p>\n<h3 class=\"thim-text-title\">Misi\u00f3n<\/h3>\n<p>La instituci\u00f3n educativa Claudia Mar\u00eda Prada promueve la formaci\u00f3n integral de la ni\u00f1ez y la juventud desde el preescolar hasta once grado, orientada hacia una educaci\u00f3n t\u00e9cnica, de calidad, fomentando la investigaci\u00f3n, los valores, las competencias laborales y ciudadanas, generando la capacidad emprendedora que les permita ser l\u00edderes en el \u00e1mbito productivo.[\/vc_column_text][\/vc_column][vc_column width=\u00bb7\/12&#8243; css=\u00bb.vc_custom_1553219224890{margin-bottom: 30px !important;}\u00bb][vc_column_text]<\/p>\n<h3 class=\"thim-text-title\">Visi\u00f3n<\/h3>\n<p>En el 2016 el colegio Claudia Mar\u00eda Prada ser\u00e1 una instituci\u00f3n educativa de calidad, liderazgo, comprometida con el desarrollo econ\u00f3mico y social de la ciudad, promoviendo la formaci\u00f3n integral de ni\u00f1os, ni\u00f1as y j\u00f3venes con sentido cr\u00edtico e investigativo, transformadores de su quehacer diario a trav\u00e9s de proyectos de vida viables, medibles y alcanzables, respetuosos de los derechos humanos y defensores del medio ambiente.[\/vc_column_text][\/vc_column][\/vc_row][vc_row][vc_column][vc_tta_tabs][vc_tta_section title=\u00bbMARCO LEGAL\u00bb tab_id=\u00bb1553201553639-a4a157b2-0618&#8243;][vc_column_text]La Instituci\u00f3n educativa Colegio CLAUDIA MARIA PRADA, es un establecimiento de car\u00e1cter p\u00fablico y cuyo representante es el (la) rector (a).<\/p>\n<p>Se encuentra creada por Resoluci\u00f3n 002028 de 16 de Noviembre de 2007, registro de inscripci\u00f3n del P.E.I., No. 296 de 03 de Noviembre de 2004, registro de la S.E.M. Libro 1 Folio 156.<\/p>\n<p>La Instituci\u00f3n Educativa CLAUDIA MARIA PRADA, est\u00e1 conformada por las Sede Principal, Claudia Mar\u00eda Prada, ubicada en la calle 2 No. 7-44 Br. Ni\u00f1a Ceci; Sede Hermano Rodulfo Eloy, ubicada en la calle 9 No. 15-64 Br. Belisario y la Sede San Vicente de Paul, ubicada en la calle 15 No. 12.70 Br. Belisario.<\/p>\n<p>Otorga el t\u00edtulo de Bachiller T\u00e9cnico en modalidades desarrolladas a trav\u00e9s de convenios interinstitucionales con el Centro Auxiliar de Servicios Docentes (CASD), y de acuerdo al Sistema Nacional de Ocupaciones SENA[\/vc_column_text][\/vc_tta_section][vc_tta_section title=\u00bbFILOSOF\u00cdA\u00bb tab_id=\u00bb1553201553661-4cb8a9a4-11b5&#8243;][vc_column_text]La Instituci\u00f3n Educativa Colegio CLAUDIA MARIA PRADA, se rige por los principios de la Educaci\u00f3n colombiana, consagrados en la Constituci\u00f3n Pol\u00edtica de 1991 y la Ley general de Educaci\u00f3n (Ley 115 de 1994, los cuales contemplan que la educaci\u00f3n es un proceso de formaci\u00f3n permanente, personal, cultural y social que se fundamenta en una concepci\u00f3n integral del ser humano, de su dignidad, de sus derechos y sus deberes, y cuya finalidad esta expresada en el Art. 5 de la Ley 115 de 1994, en concordancia con el art\u00edculo 67 de la Constituci\u00f3n Pol\u00edtica de Colombia.<\/p>\n<p>La acci\u00f3n educativa esta caminada a hacer de la convivencia democr\u00e1tica una forma y un estilo de vida institucional, a trav\u00e9s del desarrollo de estrategias metodol\u00f3gicas y formas de concertaci\u00f3n que propicien la formaci\u00f3n integral y permanente de los actores que la conforman.<\/p>\n<p>En consecuencia, se propone y desarrolla una propuesta que exalta la vida, dignifica la persona, fortalece la convivencia escolar y mejora la calidad de vida.<br \/>\nEl modelo pedag\u00f3gico est\u00e1 inspirado en propuestas modernas de una pedagog\u00eda activa, din\u00e1mica, humanizante, desarrollista y constructivista, pertinente en lo acad\u00e9mico, pol\u00edtico y cultural, de tal manera que el estudiante asuma la responsabilidad de su propia formaci\u00f3n y desarrollo.[\/vc_column_text][\/vc_tta_section][vc_tta_section title=\u00bbCLAUDIA MARIA PRADA\u00bb tab_id=\u00bb1553202116208-8d028f78-28a5&#8243;][vc_column_text]Naci\u00f3 el 26 de enero de 1964 en Bogot\u00e1, capital de la Rep\u00fablica<img loading=\"lazy\" decoding=\"async\" class=\"alignleft\" src=\"https:\/\/colclama.edu.co\/web\/wp-content\/uploads\/2019\/06\/claudiamariaprada-150x150.jpg\" width=\"209\" height=\"209\" \/>de Colombia, siendo la menor de una familia formada en valores cristianos, conformada por sus padres, Mario Jos\u00e9 Prada Garc\u00eda, de C\u00facuta y Beatriz Ayala de Prada, de Piedecuesta (Santander) y sus tres hermanos, Mario, Betty y Patricia.Desde ni\u00f1a se distingui\u00f3 por su dinamismo, vocaci\u00f3n de servicio y liderazgo que le permitieron proyectarse en las labores sociales de pastoral y de protecci\u00f3n a la naturaleza. Se destaco por su aplicaci\u00f3n escolar sobre todo en las matem\u00e1ticas y el arte, terminando sus estudios primarios y el bachillerato en el colegio Santo \u00c1ngel de la Guarda de la ciudad de C\u00facuta.<\/p>\n<p>En su juventud fue sometida a una delicada operaci\u00f3n de la columna, que la obligo a permanecer por m\u00e1s de un a\u00f1o enyesada desde el cuello hasta la cintura, sin que esta circunstancia le impidiera celebrar con alegr\u00eda sus quince a\u00f1os y que aprobara con excelencia su a\u00f1o escolar, demostrando su temple, coraje y esp\u00edritu de superaci\u00f3n.<\/p>\n<p>Sus estudios superiores los adelanto en la Universidad Francisco de Paula, obteniendo en 1988 su t\u00edtulo de Ingeniero Civil con excelentes calificaciones.<\/p>\n<p>En 1987 contrajo matrimonio con el ingeniero cucute\u00f1o Ram\u00f3n Leal Leal, con quien formo un hermoso hogar, que Dios les premio con su \u00fanico hijo Juli\u00e1n Ram\u00f3n Leal Prada, nacido el 8 de julio de 1991.<\/p>\n<p>Como profesional inicio en 1989 en las Empresas Municipales de C\u00facuta, donde se desempe\u00f1o, desde Jefe de la secci\u00f3n de Medidores hasta Jefe del Departamento de la Planta de Tratamiento de El P\u00f3rtico en 1994.<\/p>\n<p>Se destaco profesionalmente por su temple y responsabilidad, permiti\u00e9ndole proyectar su vocaci\u00f3n de servicio social en trabajos de acueducto y saneamiento b\u00e1sico en los sectores populares de la ciudad, como la ciudadela de la Libertad, el corregimiento de El P\u00f3rtico y la ciudadela de Juan Atalaya, dentro de lo que se destacan los barrios de Ni\u00f1a Ceci, Nidia, Carlos Ram\u00edrez Paris, Belisario, en donde es recordada con cari\u00f1o y aprecio por lideres y comunidad.<\/p>\n<p>En 1995 se vincula activamente al sector privado, por medio de la Sociedad Nortesantandereana de Ingenieros, donde es designada como presidenta, para el periodo 1996-1998, destac\u00e1ndose como la primera mujer en ocupar este cargo Honorifico en el Departamento, liderando y apoyando la realizaci\u00f3n de proyectos de infraestructura para la regi\u00f3n.<\/p>\n<p>Como reconocimiento a su liderazgo en el sector privado es elegida como presidenta del Comit\u00e9 Intergremial, asociaci\u00f3n honorifica que representa a los sectores gremiales del departamento, logrando la consolidaci\u00f3n del trabajo integrado entre el mismo sector privado y entes gubernamentales.<\/p>\n<p>De forma paralela al ejercicio profesional, colaboro con diferentes obras sociales como las emprendidas por su Parroquia de San Rafael, el Hogar Santa Rosa de Lima, los Hogares Juveniles campesinos, la comunidad del \u00d1ero y el Hogar de las Madres soltera de las Hermanas de la Nueva Vida.<\/p>\n<p>Como integrante del Club de Jardiner\u00eda San Jos\u00e9 de C\u00facuta, pudo combinar su destreza art\u00edstica con el amor por la naturaleza. Desde el Club de Jardiner\u00eda y como tesorera honorifica de los Hogares Juveniles campesinos desarrollo una importante labor social en la protecci\u00f3n del medio ambiente, apoyando a su esposo, que se desempe\u00f1aba como Director General de CORPONOR, m\u00e1xima autoridad ambiental del Departamento.<\/p>\n<p>Claudia Mar\u00eda se destaco como dirigente gremial, como profesional y como estudiante sin sacrificar sus responsabilidades en el hogar, en el entorno familiar y social, en donde con la ayuda de Dios, fue excelente hija, esposa, madre, hermana y amiga.<\/p>\n<p>El 5 de febrero de 1999, muere en el corregimiento de Villa Sucre, municipio de Arboledas, Norte de Santander, en medio del fuego cruzado el Ejercito Nacional y la guerrilla, que la hab\u00eda secuestrado dos (2) d\u00edas antes en el barrio Buenos Aires de la ciudad de C\u00facuta, cuando en ejercicio de su actividad profesional, supervisaba la construcci\u00f3n de una escuela.<\/p>\n<p>Por lo inesperado de su muerte, por lo injusto de su secuestro y por el ejemplo de tenacidad y solidaridad en su vida, Claudia Mar\u00eda es recordada como un s\u00edmbolo de la mujer colombiana que vivi\u00f3 a plenitud su fugaz, pero feliz existencia.<\/p>\n<p>El Club de jardiner\u00eda San Jos\u00e9 de C\u00facuta y los amigos personales le erigieron el monumento al \u00c1ngel Verde, del maestro \u00c1ngel Ortiz, en el cruce de la avenida Libertadores con la oreja de acceso de acceso al puente El\u00edas M. Soto y su familia erigi\u00f3 un pedestal en su memoria en el corregimiento de Villa Sucre en el sitio donde falleci\u00f3.<\/p>\n<p>El honor a su vida, la antigua Escuela Gremios Unidos del Barrio Ni\u00f1a Ceci, fue designada por la Alcald\u00eda de C\u00facuta y la Gobernaci\u00f3n del Departamento, como \u201cCOLEGIO CLAUDIA MARIA PRADA\u201d.<\/p>\n<p>En todos estos reconocimientos a su vida se plasmo una frase que expresa el sentimiento de la vida y sacrificio de una v\u00edctima m\u00e1s de la absurda violencia que vive nuestra patria.[\/vc_column_text][\/vc_tta_section][vc_tta_section title=\u00bbORGANIGRAMA\u00bb tab_id=\u00bb1553203450656-a52e943b-1e54&#8243;][vc_column_text]<img decoding=\"async\" class=\"aligncenter\" src=\"https:\/\/colclama.edu.co\/web\/wp-content\/uploads\/2019\/06\/organigrama.jpg\" \/>[\/vc_column_text][\/vc_tta_section][\/vc_tta_tabs][\/vc_column][\/vc_row][vc_row][vc_column]<div class=\"thim-widget-heading template-base\"><div class=\"sc_heading  text-center\"><h3 class=\"title\">S\u00cdMBOLOS <strong>INSTITUCIONALES<\/strong><\/h3><\/div><\/div>[\/vc_column][\/vc_row][vc_row][vc_column width=\u00bb7\/12&#8243;][vc_column_text]<\/p>\n<h3 class=\"thim-text-title\">Bandera<\/h3>\n<p>&nbsp;<\/p>\n<p><img loading=\"lazy\" decoding=\"async\" class=\"alignleft\" src=\"https:\/\/colclama.edu.co\/web\/wp-content\/uploads\/2019\/06\/image002.png\" width=\"276\" height=\"185\" \/><\/p>\n<p><i>\u00a0se compone de tres franjas horizontales de igual medida:<\/i><\/p>\n<div><b><i>Verde:\u00a0<\/i><\/b><i>la esperanza de un ma\u00f1ana mejor, encarna la proyecci\u00f3n futura de la juventud Colclamista, que tendr\u00e1 como base para enfrentar sus retos, sus conocimientos y valores inculcados para que sean gestores del progreso.<\/i><\/div>\n<div align=\"justify\"><i>\u00a0<\/i><\/div>\n<div align=\"justify\"><b><i>Blanco:\u00a0<\/i><\/b><i>Sin\u00f3nimo de paz y honradez que caracteriza a nuestra instituci\u00f3n.\u00a0 Bajo este color se evidencia el perfil del estudiante Colclamista que se traza horizonte, pleno de su esp\u00edritu trascendente.<\/i><\/div>\n<div align=\"justify\"><i>\u00a0<\/i><\/div>\n<div>\u00a0<b><i>Amarillo:\u00a0<\/i><\/b><i>Encarna la riqueza humana en sus m\u00faltiples dimensiones por ello cada a\u00f1o nuestro producto da fe de la calidad educativa que se ofrece, la cual los prepara para su \u00a0formaci\u00f3n y la de su sociedad.\u00a0 Representa la luz, la sabidur\u00eda y el conocimiento de nuestros estudiantes.<\/i><\/div>\n<p>[\/vc_column_text][\/vc_column][vc_column width=\u00bb5\/12&#8243;][vc_column_text]<\/p>\n<h3 class=\"thim-text-title\">ESCUDO<\/h3>\n<p><img loading=\"lazy\" decoding=\"async\" class=\"aligncenter\" src=\"https:\/\/colclama.edu.co\/web\/wp-content\/uploads\/2019\/06\/escudo.png\" width=\"303\" height=\"303\" \/>[\/vc_column_text][\/vc_column][\/vc_row][vc_row full_width=\u00bbstretch_row_content_no_spaces\u00bb css=\u00bb.vc_custom_1561149544707{background-color: #b5fcd9 !important;}\u00bb][vc_column][vc_row_inner][vc_column_inner]<div class=\"thim-widget-heading template-base\"><div class=\"sc_heading  text-center\"><h3 class=\"title\"><strong>Himno<\/strong> Institucional<\/h3><span class=\"line\"><\/span><\/div><\/div>[\/vc_column_inner][\/vc_row_inner][vc_row_inner][vc_column_inner width=\u00bb1\/3&#8243;]<div class=\"thim-widget-heading template-base\"><div class=\"sc_heading  text-center\"><h3 class=\"title\">CORO<\/h3><span class=\"line\"><\/span><\/div><\/div>[vc_column_text]<\/p>\n<div style=\"text-align: center;\">VAMOS TODOS J\u00d3VENES VALIENTES<br \/>\nCONQUISTEMOS CON CIENCIA Y VIRTUD<br \/>\nLA NOBLEZA Y LEALTAD SEA DE TODOS<br \/>\nCON ESFUERZO AMOR Y BONDAD<br \/>\nLA NOBLEZA Y LEALTAD SEA DE TODOS<br \/>\nCON ESFUERZO AMOR Y BONDAD<\/div>\n<div style=\"text-align: center;\"><\/div>\n<p>[\/vc_column_text]<div class=\"thim-widget-heading template-base\"><div class=\"sc_heading  text-center\"><h3 class=\"title\">III<\/h3><span class=\"line\"><\/span><\/div><\/div>[vc_column_text]<\/p>\n<div style=\"text-align: center;\">PROFESORES, ALUMNOS Y PADRES<br \/>\nTODOS UNIDOS EN NUESTRA INSTITUCI\u00d3N<br \/>\nCAMINAMOS EN POS DE LOS SABERES<br \/>\nPARA ALIMENTAR NUESTRA VOCACI\u00d3N<\/div>\n<p>[\/vc_column_text][\/vc_column_inner][vc_column_inner width=\u00bb1\/3&#8243;]<div class=\"thim-widget-heading template-base\"><div class=\"sc_heading  text-center\"><h3 class=\"title\">I<\/h3><span class=\"line\"><\/span><\/div><\/div>[vc_column_text]<\/p>\n<div style=\"text-align: center;\">EN LOS CLAUSTROS VEREMOS LA CIENCIA<br \/>\nQUE CON GOZO HEMOS DE RECIBIR<br \/>\nFORMAREMOS CON AMOR Y PACIENCIA<br \/>\nNUESTRO BELLO PORVENIR<\/div>\n<p>[\/vc_column_text][vc_empty_space height=\u00bb47px\u00bb]<div class=\"thim-widget-heading template-base\"><div class=\"sc_heading  text-center\"><h3 class=\"title\">IV<\/h3><span class=\"line\"><\/span><\/div><\/div>[vc_column_text]<\/p>\n<div style=\"text-align: center;\">ADELANTE SIEMPRE ADELANTE<br \/>\nCONQUISTEMOS CON GRAN UNIDAD<br \/>\nY ALCANZAREMOS LAS METAS DESEADAS<br \/>\nPARA EL BIEN DE LA SOCIEDAD<\/div>\n<p>[\/vc_column_text][\/vc_column_inner][vc_column_inner width=\u00bb1\/3&#8243;]<div class=\"thim-widget-heading template-base\"><div class=\"sc_heading  text-center\"><h3 class=\"title\">II<\/h3><span class=\"line\"><\/span><\/div><\/div>[vc_column_text]<\/p>\n<div style=\"text-align: center;\">FIEL TESORO DE HERENCIAS GLORIOSAS<br \/>\nSEMILLEROS DE FE Y LIBERTAD<br \/>\nDAMOS HONOR A CLAUDIA MAR\u00cdA PRADA<br \/>\nQUE SU VIDA ENTREGO POR AMOR<\/div>\n<p>[\/vc_column_text][\/vc_column_inner][\/vc_row_inner]<div class=\"thim-widget-heading template-base\"><div class=\"sc_heading  text-center\"><h3 class=\"title\">Letra y m\u00fasica: Maestro Oscar Contreras Corredor<\/h3><\/div><\/div>[\/vc_column][\/vc_row]<\/p>\n<\/div>","protected":false},"excerpt":{"rendered":"<p>[vc_row][vc_column][\/vc_column][\/vc_row][vc_row css=\u00bb.vc_custom_1559531433775{margin-bottom: 15px !important;}\u00bb][vc_column width=\u00bb5\/12&#8243; css=\u00bb.vc_custom_1553219212365{margin-bottom: 30px !important;}\u00bb][vc_column_text] Misi\u00f3n La instituci\u00f3n educativa Claudia Mar\u00eda Prada promueve la formaci\u00f3n integral de la ni\u00f1ez y la juventud desde el preescolar hasta once grado, orientada hacia una educaci\u00f3n t\u00e9cnica, de calidad, fomentando la &hellip; <\/p>\n","protected":false},"author":1,"featured_media":0,"parent":0,"menu_order":0,"comment_status":"closed","ping_status":"closed","template":"","meta":{"footnotes":""},"class_list":["post-11502","page","type-page","status-publish","hentry"],"_links":{"self":[{"href":"https:\/\/colclama.edu.co\/web\/wp-json\/wp\/v2\/pages\/11502","targetHints":{"allow":["GET"]}}],"collection":[{"href":"https:\/\/colclama.edu.co\/web\/wp-json\/wp\/v2\/pages"}],"about":[{"href":"https:\/\/colclama.edu.co\/web\/wp-json\/wp\/v2\/types\/page"}],"author":[{"embeddable":true,"href":"https:\/\/colclama.edu.co\/web\/wp-json\/wp\/v2\/users\/1"}],"replies":[{"embeddable":true,"href":"https:\/\/colclama.edu.co\/web\/wp-json\/wp\/v2\/comments?post=11502"}],"version-history":[{"count":6,"href":"https:\/\/colclama.edu.co\/web\/wp-json\/wp\/v2\/pages\/11502\/revisions"}],"predecessor-version":[{"id":11710,"href":"https:\/\/colclama.edu.co\/web\/wp-json\/wp\/v2\/pages\/11502\/revisions\/11710"}],"wp:attachment":[{"href":"https:\/\/colclama.edu.co\/web\/wp-json\/wp\/v2\/media?parent=11502"}],"curies":[{"name":"wp","href":"https:\/\/api.w.org\/{rel}","templated":true}]}}